{"id":33,"date":"2021-04-21T14:44:28","date_gmt":"2021-04-21T12:44:28","guid":{"rendered":"http:\/\/localhost:8000\/?page_id=33"},"modified":"2021-09-29T21:51:53","modified_gmt":"2021-09-29T19:51:53","slug":"home","status":"publish","type":"page","link":"https:\/\/momatec.de\/","title":{"rendered":"Home"},"content":{"rendered":"\n<div class=\"wp-block-cover alignfull cover_mmt_home\" style=\"min-height:100vh;aspect-ratio:unset;\"><img loading=\"lazy\" decoding=\"async\" width=\"2560\" height=\"1500\" class=\"wp-block-cover__image-background wp-image-674\" alt=\"\" src=\"https:\/\/momatec.de\/wp-content\/uploads\/2021\/09\/head_03-scaled.jpg\" style=\"object-position:50% 0%\" data-object-fit=\"cover\" data-object-position=\"50% 0%\" srcset=\"https:\/\/momatec.de\/wp-content\/uploads\/2021\/09\/head_03-scaled.jpg 2560w, https:\/\/momatec.de\/wp-content\/uploads\/2021\/09\/head_03-300x176.jpg 300w, https:\/\/momatec.de\/wp-content\/uploads\/2021\/09\/head_03-1024x600.jpg 1024w, https:\/\/momatec.de\/wp-content\/uploads\/2021\/09\/head_03-768x450.jpg 768w, https:\/\/momatec.de\/wp-content\/uploads\/2021\/09\/head_03-1536x900.jpg 1536w, https:\/\/momatec.de\/wp-content\/uploads\/2021\/09\/head_03-2048x1200.jpg 2048w\" sizes=\"auto, (max-width: 2560px) 100vw, 2560px\" \/><div class=\"wp-block-cover__inner-container is-layout-flow wp-block-cover-is-layout-flow\">\n<p class=\"has-text-align-center mmt_header_slogan has-huge-font-size\">L\u00f6sungen f\u00fcr das Verkehrs&shy;manage&shy;ment von morgen<\/p>\n\n\n\n<div class=\"wp-block-buttons alignwide is-content-justification-center is-layout-flex wp-block-buttons-is-layout-flex\">\n<div class=\"wp-block-button has-custom-font-size mmt_button_homepage_cover has-medium-font-size\"><a class=\"wp-block-button__link\" href=\"https:\/\/momatec.de\/?page_id=369\">Mehr erfahren<\/a><\/div>\n<\/div>\n<\/div><\/div>\n\n\n\n<div class=\"wp-block-group is-layout-flow wp-block-group-is-layout-flow\"><div class=\"wp-block-group__inner-container\">\n<p class=\"has-text-align-center has-text-color has-huge-font-size\" style=\"color:#19377a\">ALMO<sup>\u00ae<\/sup>-basierte L\u00f6sungen f\u00fcr Stra\u00dfe und Verkehr<\/p>\n\n\n\n<div class=\"wp-block-image is-style-default\"><figure class=\"aligncenter size-full is-resized\"><img decoding=\"async\" src=\"https:\/\/momatec.de\/wp-content\/uploads\/2021\/04\/almo_logo.png\" alt=\"\" class=\"wp-image-280\" width=\"300\" srcset=\"https:\/\/momatec.de\/wp-content\/uploads\/2021\/04\/almo_logo.png 512w, https:\/\/momatec.de\/wp-content\/uploads\/2021\/04\/almo_logo-300x266.png 300w\" sizes=\"(max-width: 512px) 100vw, 512px\" \/><\/figure><\/div>\n\n\n\n<p class=\"has-text-align-center\">Die <strong>momatec<\/strong> GmbH bietet Beratungen, Dienstleistungen und <strong>ALMO<sup>\u00ae<\/sup><\/strong>-L\u00f6sungen f\u00fcr Stra\u00dfe und Verkehr an. <strong>ALMO<sup>\u00ae<\/sup><\/strong> ist eine offene, serviceorientierte und webbasierte Softwarel\u00f6sung mit komfortablen und interaktiven Nutzerschnittstellen.<\/p>\n\n\n\n<div class=\"wp-block-buttons is-content-justification-center is-layout-flex wp-block-buttons-is-layout-flex\">\n<div class=\"wp-block-button has-custom-font-size has-medium-font-size\"><a class=\"wp-block-button__link\" href=\"https:\/\/almoconsult.de\">Mehr erfahren auf der ALMO<sup>\u00ae<\/sup> Homepage <span class=\"dashicons dashicons-external\"><\/span><\/a><\/div>\n<\/div>\n<\/div><\/div>\n\n\n\n<div class=\"wp-block-group alignfull has-background is-layout-flow wp-block-group-is-layout-flow\" style=\"background-color:#edf2fb\"><div class=\"wp-block-group__inner-container\">\n<div class=\"wp-block-media-text alignwide is-stacked-on-mobile\" style=\"grid-template-columns:40% auto\"><figure class=\"wp-block-media-text__media\"><img loading=\"lazy\" decoding=\"async\" width=\"90\" height=\"125\" src=\"https:\/\/momatec.de\/wp-content\/uploads\/2021\/09\/zahnrad_f__e.svg\" alt=\"\" class=\"wp-image-583 size-full\"\/><\/figure><div class=\"wp-block-media-text__content\">\n<p class=\"has-text-color has-huge-font-size\" style=\"color:#19377a\">Forschung und Entwicklung<\/p>\n\n\n\n<p> Die  <strong>momatec<\/strong> GmbH bearbeitet Forschungsprojekte,  in denen wir vielf\u00e4ltige datengetriebene Prozesse entwickeln und erproben, welche die Erschlie\u00dfung neuer Daten und Dienste hervorbringen. <\/p>\n\n\n\n<p>Die <strong>momatec<\/strong> GmbH ist Gesch\u00e4ftsstelle des Vereins \u201eKompetenzplattform Kommunales Infrastrukturmanagement Stra\u00dfe e.V.\u201c (vgl. <a href=\"http:\/\/www.kim-strasse.de\">www.kim-strasse.de<\/a>) und in diesem Rahmen auch aktiv im Querschnittsausschuss \u201eInformationstechnik\u201c der <a href=\"https:\/\/www.fgsv.de\/start\/\">Forschungsgesellschaft f\u00fcr Stra\u00dfenwesen (FGSV)<\/a> und leitet den Querschnittskreis&nbsp;&nbsp; \u201e\u00dcbertragung von \u00fcbergeordneten IT-Standards aus dem Stra\u00dfenwesen f\u00fcr die Bed\u00fcrfnisse von Kommunen\u201c.<\/p>\n<\/div><\/div>\n<\/div><\/div>\n","protected":false},"excerpt":{"rendered":"<p>ALMO\u00ae-basierte L\u00f6sungen f\u00fcr Stra\u00dfe und Verkehr Die momatec GmbH bietet Beratungen, Dienstleistungen und ALMO\u00ae-L\u00f6sungen f\u00fcr Stra\u00dfe und Verkehr an. ALMO\u00ae ist eine offene, serviceorientierte und webbasierte Softwarel\u00f6sung mit komfortablen und interaktiven Nutzerschnittstellen. Forschung und Entwicklung Die momatec GmbH bearbeitet Forschungsprojekte, in denen wir vielf\u00e4ltige datengetriebene Prozesse entwickeln und erproben, welche die Erschlie\u00dfung neuer Daten und &hellip;<\/p>\n<p class=\"read-more\"> <a class=\"\" href=\"https:\/\/momatec.de\/\"> <span class=\"screen-reader-text\">Home<\/span> Weiterlesen &raquo;<\/a><\/p>\n","protected":false},"author":1,"featured_media":0,"parent":0,"menu_order":0,"comment_status":"closed","ping_status":"closed","template":"","meta":{"_uag_custom_page_level_css":"","site-sidebar-layout":"default","site-content-layout":"default","ast-global-header-display":"","ast-banner-title-visibility":"","ast-main-header-display":"","ast-hfb-above-header-display":"","ast-hfb-below-header-display":"","ast-hfb-mobile-header-display":"","site-post-title":"disabled","ast-breadcrumbs-content":"","ast-featured-img":"","footer-sml-layout":"","theme-transparent-header-meta":"enabled","adv-header-id-meta":"","stick-header-meta":"","header-above-stick-meta":"","header-main-stick-meta":"","header-below-stick-meta":"","footnotes":""},"class_list":["post-33","page","type-page","status-publish","hentry"],"uagb_featured_image_src":{"full":false,"thumbnail":false,"medium":false,"medium_large":false,"large":false,"1536x1536":false,"2048x2048":false},"uagb_author_info":{"display_name":"momatec","author_link":"https:\/\/momatec.de\/?author=1"},"uagb_comment_info":0,"uagb_excerpt":"ALMO\u00ae-basierte L\u00f6sungen f\u00fcr Stra\u00dfe und Verkehr Die momatec GmbH bietet Beratungen, Dienstleistungen und ALMO\u00ae-L\u00f6sungen f\u00fcr Stra\u00dfe und Verkehr an. ALMO\u00ae ist eine offene, serviceorientierte und webbasierte Softwarel\u00f6sung mit komfortablen und interaktiven Nutzerschnittstellen. Forschung und Entwicklung Die momatec GmbH bearbeitet Forschungsprojekte, in denen wir vielf\u00e4ltige datengetriebene Prozesse entwickeln und erproben, welche die Erschlie\u00dfung neuer Daten und&hellip;","_links":{"self":[{"href":"https:\/\/momatec.de\/index.php?rest_route=\/wp\/v2\/pages\/33","targetHints":{"allow":["GET"]}}],"collection":[{"href":"https:\/\/momatec.de\/index.php?rest_route=\/wp\/v2\/pages"}],"about":[{"href":"https:\/\/momatec.de\/index.php?rest_route=\/wp\/v2\/types\/page"}],"author":[{"embeddable":true,"href":"https:\/\/momatec.de\/index.php?rest_route=\/wp\/v2\/users\/1"}],"replies":[{"embeddable":true,"href":"https:\/\/momatec.de\/index.php?rest_route=%2Fwp%2Fv2%2Fcomments&post=33"}],"version-history":[{"count":158,"href":"https:\/\/momatec.de\/index.php?rest_route=\/wp\/v2\/pages\/33\/revisions"}],"predecessor-version":[{"id":779,"href":"https:\/\/momatec.de\/index.php?rest_route=\/wp\/v2\/pages\/33\/revisions\/779"}],"wp:attachment":[{"href":"https:\/\/momatec.de\/index.php?rest_route=%2Fwp%2Fv2%2Fmedia&parent=33"}],"curies":[{"name":"wp","href":"https:\/\/api.w.org\/{rel}","templated":true}]}}