{"id":35,"date":"2021-04-21T14:45:21","date_gmt":"2021-04-21T12:45:21","guid":{"rendered":"http:\/\/localhost:8000\/?page_id=35"},"modified":"2021-09-09T17:23:30","modified_gmt":"2021-09-09T15:23:30","slug":"anfahrt","status":"publish","type":"page","link":"https:\/\/momatec.de\/?page_id=35","title":{"rendered":"Anfahrt"},"content":{"rendered":"\n<div class=\"wp-block-columns is-layout-flex wp-container-core-columns-is-layout-28f84493 wp-block-columns-is-layout-flex\">\n<div class=\"wp-block-column is-layout-flow wp-block-column-is-layout-flow\" style=\"flex-basis:66.66%\">\n<div class=\"iframe-container\">\n<iframe class=\"iframe-responsive\" style=\"border: 0;\" src=\"https:\/\/www.verkehr.nrw\/web\/vipnrw\/karte\/?center=50.75867,6.15740&amp;zoom=16&amp;target=50.75769,6.15799&amp;car=true&amp;publicTransport=false&amp;bike=false&amp;layer=Verkehrslage,Haltestellen,Parken,Webcams,Verkehrsmeldungen,Baustellen,ELadesaeulen&amp;highlightRoute=false\" frameborder=\"0\"><\/iframe><\/div>\n\n\n\n<p><\/p>\n<\/div>\n\n\n\n<div class=\"wp-block-column is-layout-flow wp-block-column-is-layout-flow\" style=\"flex-basis:33.33%\">\n<h3 class=\"wp-block-heading\">B\u00fcroadresse<\/h3>\n\n\n\n<p><strong>momatec<\/strong> GmbH<br>Weiern 171<br>52078 Aachen<br>Deutschland<\/p>\n\n\n\n<div class=\"wp-block-buttons is-layout-flex wp-block-buttons-is-layout-flex\">\n<div class=\"wp-block-button\"><a class=\"wp-block-button__link\" href=\"https:\/\/www.verkehr.nrw\/web\/vipnrw\/karte\/?center=50.75785,6.15771&amp;zoom=18&amp;target=50.75772,6.15797&amp;car=true&amp;publicTransport=false&amp;bike=false&amp;layer=Verkehrslage,Parken,Webcams,Verkehrsmeldungen,Baustellen&amp;highlightRoute=false\" target=\"_blank\" rel=\"noreferrer noopener\">Route mit verkehr.nrw<\/a><\/div>\n<\/div>\n\n\n\n<p><\/p>\n<\/div>\n<\/div>\n\n\n\n<h1 class=\"wp-block-heading\">Wegbeschreibung<\/h1>\n\n\n\n<h2 class=\"wp-block-heading\">Von wo kommen Sie? (W\u00e4hlen Sie Ihren Ausgangspunkt):<\/h2>\n\n\n\n<h3 class=\"wp-block-heading\">Ausgangspunkt:<br>A44 (aus Richtung Belgien)<\/h3>\n\n\n\n<ul class=\"wp-block-list\"><li>Sie nehmen die Ausfahrt Aachen-Brand. Es ist die 2. Ausfahrt hinter dem deutsch-belgischen Grenz\u00fcbergang Lichtenbusch.<\/li><li>Sie fahren hinter der Shell-Tankstelle direkt die erste Links in die Eckenerstrasse.<\/li><li>Sie biegen nach etwa 300 m links ab in die Stra\u00dfe &#8222;Weiern&#8220;. Diese Stra\u00dfe ist eine Sackgasse.<\/li><li>Nach ca. 150 m sehen sie auf der linken Seite ein wei\u00dfes B\u00fcrogeb\u00e4ude. Hier k\u00f6nnen sie am rechten Stra\u00dfenrand parken.<\/li><li>Die Wendeltreppe vor dem dem B\u00fcrogeb\u00e4ude f\u00fchrt sie auf direktem Weg zu unseren R\u00e4umlichkeiten. (2. Etage).<\/li><\/ul>\n\n\n\n<h3 class=\"wp-block-heading\">Ausgangspunkt:<br>A44\/A46 (aus Richtung D\u00fcsseldorf)<\/h3>\n\n\n\n<ul class=\"wp-block-list\"><li>Sie bleiben am Aachener Kreuz auf der A44 Richtung L\u00fcttich. Sie nehmen die Ausfahrt Aachen-Brand (1. Ausfahrt hinter dem Aachener Kreuz)<\/li><li>Sie biegen an der Ampel rechts ab in die Trierer Stra\u00dfe.<\/li><li>Hinter der Shell-Tankstelle fahren sie direkt die erste Links in die Eckenerstrasse.<\/li><li>Sie biegen nach etwa 300 m links ab in die Stra\u00dfe &#8222;Weiern&#8220;. Diese Stra\u00dfe ist eine Sackgasse.<\/li><li>Nach ca. 150 m sehen sie auf der linken Seite ein wei\u00dfes B\u00fcrogeb\u00e4ude. Hier k\u00f6nnen sie am rechten Stra\u00dfenrand parken.<\/li><li>Die Wendeltreppe vor dem dem B\u00fcrogeb\u00e4ude f\u00fchrt sie auf direktem Weg zu unseren R\u00e4umlichkeiten. (2. Etage).<\/li><\/ul>\n\n\n\n<h3 class=\"wp-block-heading\">Ausgangspunkt:<br>A4 (aus Richtung K\u00f6ln),<br>A4 (aus Richtung NL),<br>A544 (aus Richtung Aachen-Europaplatz)<\/h3>\n\n\n\n<ul class=\"wp-block-list\"><li>Sie wechseln am Aachener Kreuz auf die A44 Richtung L\u00fcttich. Sie nehmen Ausfahrt Aachen-Brand (1. Ausfahrt hinter dem Aachener Kreuz).<\/li><li>Sie biegen an der Ampel rechts ab in die Trierer Stra\u00dfe.<\/li><li>Hinter der Shell-Tankstelle fahren sie direkt die erste Links in die Eckenerstrasse.<\/li><li>Sie biegen nach etwa 300 m links ab in die Stra\u00dfe &#8222;Weiern&#8220;. Diese Stra\u00dfe ist eine Sackgasse.<\/li><li>Nach ca. 150 m sehen sie auf der linken Seite ein wei\u00dfes B\u00fcrogeb\u00e4ude. Hier k\u00f6nnen sie am rechten Stra\u00dfenrand parken.<\/li><li>Die Wendeltreppe vor dem dem B\u00fcrogeb\u00e4ude f\u00fchrt sie auf direktem Weg zu unseren R\u00e4umlichkeiten. (2. Etage).<\/li><\/ul>\n","protected":false},"excerpt":{"rendered":"<p>B\u00fcroadresse momatec GmbHWeiern 17152078 AachenDeutschland Wegbeschreibung Von wo kommen Sie? (W\u00e4hlen Sie Ihren Ausgangspunkt): Ausgangspunkt:A44 (aus Richtung Belgien) Sie nehmen die Ausfahrt Aachen-Brand. Es ist die 2. Ausfahrt hinter dem deutsch-belgischen Grenz\u00fcbergang Lichtenbusch. Sie fahren hinter der Shell-Tankstelle direkt die erste Links in die Eckenerstrasse. Sie biegen nach etwa 300 m links ab in die &hellip;<\/p>\n<p class=\"read-more\"> <a class=\"\" href=\"https:\/\/momatec.de\/?page_id=35\"> <span class=\"screen-reader-text\">Anfahrt<\/span> Weiterlesen &raquo;<\/a><\/p>\n","protected":false},"author":1,"featured_media":0,"parent":0,"menu_order":0,"comment_status":"closed","ping_status":"closed","template":"","meta":{"_uag_custom_page_level_css":"","site-sidebar-layout":"default","site-content-layout":"default","ast-global-header-display":"","ast-banner-title-visibility":"","ast-main-header-display":"","ast-hfb-above-header-display":"","ast-hfb-below-header-display":"","ast-hfb-mobile-header-display":"","site-post-title":"","ast-breadcrumbs-content":"","ast-featured-img":"","footer-sml-layout":"","theme-transparent-header-meta":"default","adv-header-id-meta":"","stick-header-meta":"","header-above-stick-meta":"","header-main-stick-meta":"","header-below-stick-meta":"","footnotes":""},"class_list":["post-35","page","type-page","status-publish","hentry"],"uagb_featured_image_src":{"full":false,"thumbnail":false,"medium":false,"medium_large":false,"large":false,"1536x1536":false,"2048x2048":false},"uagb_author_info":{"display_name":"momatec","author_link":"https:\/\/momatec.de\/?author=1"},"uagb_comment_info":0,"uagb_excerpt":"B\u00fcroadresse momatec GmbHWeiern 17152078 AachenDeutschland Wegbeschreibung Von wo kommen Sie? (W\u00e4hlen Sie Ihren Ausgangspunkt): Ausgangspunkt:A44 (aus Richtung Belgien) Sie nehmen die Ausfahrt Aachen-Brand. Es ist die 2. Ausfahrt hinter dem deutsch-belgischen Grenz\u00fcbergang Lichtenbusch. Sie fahren hinter der Shell-Tankstelle direkt die erste Links in die Eckenerstrasse. Sie biegen nach etwa 300 m links ab in die&hellip;","_links":{"self":[{"href":"https:\/\/momatec.de\/index.php?rest_route=\/wp\/v2\/pages\/35","targetHints":{"allow":["GET"]}}],"collection":[{"href":"https:\/\/momatec.de\/index.php?rest_route=\/wp\/v2\/pages"}],"about":[{"href":"https:\/\/momatec.de\/index.php?rest_route=\/wp\/v2\/types\/page"}],"author":[{"embeddable":true,"href":"https:\/\/momatec.de\/index.php?rest_route=\/wp\/v2\/users\/1"}],"replies":[{"embeddable":true,"href":"https:\/\/momatec.de\/index.php?rest_route=%2Fwp%2Fv2%2Fcomments&post=35"}],"version-history":[{"count":26,"href":"https:\/\/momatec.de\/index.php?rest_route=\/wp\/v2\/pages\/35\/revisions"}],"predecessor-version":[{"id":636,"href":"https:\/\/momatec.de\/index.php?rest_route=\/wp\/v2\/pages\/35\/revisions\/636"}],"wp:attachment":[{"href":"https:\/\/momatec.de\/index.php?rest_route=%2Fwp%2Fv2%2Fmedia&parent=35"}],"curies":[{"name":"wp","href":"https:\/\/api.w.org\/{rel}","templated":true}]}}