{"id":369,"date":"2021-05-06T10:39:19","date_gmt":"2021-05-06T08:39:19","guid":{"rendered":"https:\/\/momatec.de\/?page_id=369"},"modified":"2023-04-04T10:02:56","modified_gmt":"2023-04-04T08:02:56","slug":"dienstleistungen","status":"publish","type":"page","link":"https:\/\/momatec.de\/?page_id=369","title":{"rendered":"Dienstleistungen"},"content":{"rendered":"\n<p>Durch intelligente Verfahren und innovative Dienstleistungen tr\u00e4gt die <strong>momatec<\/strong> GmbH ma\u00dfgeblich zur Sicherung der Mobilit\u00e4t, zur Verbesserung der Verkehrssicherheit und zum Schutz der Umwelt bei. Unsere Dienstleistungen beziehen sich auf alle Stufen des Gesch\u00e4ftsprozesses von der Forschung \u00fcber die Konzeptionierung und Erstellung bis zum Betrieb von Managementl\u00f6sungen.<\/p>\n\n\n\n<div class=\"wp-block-cover alignfull\" style=\"min-height:640px;aspect-ratio:unset;\"><span aria-hidden=\"true\" class=\"wp-block-cover__background has-background-dim\" style=\"background-color:#19377a\"><\/span><img decoding=\"async\" class=\"wp-block-cover__image-background wp-image-609\" alt=\"\" src=\"https:\/\/momatec.de\/wp-content\/uploads\/2021\/09\/urban_mobility-scaled.jpg\" data-object-fit=\"cover\"\/><div class=\"wp-block-cover__inner-container is-layout-flow wp-block-cover-is-layout-flow\">\n<p class=\"has-text-align-center mmt_header_slogan has-large-font-size\"> Mit unseren Dienstleistungen unterst\u00fctzen wir Sie bei der Gestaltung einer zukunfts&shy;orientierten und nachhaltigen Mobilit\u00e4t. <\/p>\n<\/div><\/div>\n\n\n\n<div style=\"height:48px\" aria-hidden=\"true\" class=\"wp-block-spacer\"><\/div>\n\n\n\n<h2 class=\"wp-block-heading\">Verkehrsmanagement<\/h2>\n\n\n\n<p>Das koordinierte Management von Stra\u00dfe, Verkehr und Telematik stellt sicher, dass die Investitionen in die Stra\u00dfeninfrastruktur effizient genutzt werden. Die Umsetzung von Managementma\u00dfnahmen setzt eine Strategie voraus, die in <strong>Managementpl\u00e4nen<\/strong> dokumentiert wird. Die Basis f\u00fcr den Erfolg wird durch die Festlegung einer <strong>Mindest-Qualit\u00e4t<\/strong> von Prozessen und Produkten geschaffen. Diese Basis gilt es, tagt\u00e4glich durch die handelnden Menschen mit den zur Verf\u00fcgung stehenden Mitteln optimal und ressourcensparend sicherzustellen.<\/p>\n\n\n\n<div style=\"height:48px\" aria-hidden=\"true\" class=\"wp-block-spacer\"><\/div>\n\n\n\n<div class=\"wp-block-cover alignfull\" style=\"min-height:640px;aspect-ratio:unset;\"><span aria-hidden=\"true\" class=\"wp-block-cover__background has-background-dim\"><\/span><img loading=\"lazy\" decoding=\"async\" width=\"2560\" height=\"900\" class=\"wp-block-cover__image-background wp-image-632\" alt=\"\" src=\"https:\/\/momatec.de\/wp-content\/uploads\/2021\/09\/a101-scaled.jpg\" data-object-fit=\"cover\" srcset=\"https:\/\/momatec.de\/wp-content\/uploads\/2021\/09\/a101-scaled.jpg 2560w, https:\/\/momatec.de\/wp-content\/uploads\/2021\/09\/a101-300x105.jpg 300w, https:\/\/momatec.de\/wp-content\/uploads\/2021\/09\/a101-1024x360.jpg 1024w, https:\/\/momatec.de\/wp-content\/uploads\/2021\/09\/a101-768x270.jpg 768w, https:\/\/momatec.de\/wp-content\/uploads\/2021\/09\/a101-1536x540.jpg 1536w, https:\/\/momatec.de\/wp-content\/uploads\/2021\/09\/a101-2048x720.jpg 2048w\" sizes=\"auto, (max-width: 2560px) 100vw, 2560px\" \/><div class=\"wp-block-cover__inner-container is-layout-flow wp-block-cover-is-layout-flow\">\n<p class=\"has-text-align-center\"><strong>momatec<\/strong> sorgt daf\u00fcr, dass Menschen, IT-Systeme, Stra\u00dfen- und Telematik-Infrastruktur effizient zusammenwirken, und dass alle erforderlichen Daten in der Cloud zum Nutzen aller Beteiligten verf\u00fcgbar und nutzbar sind.<\/p>\n\n\n\n<p class=\"has-text-align-center has-large-font-size\"><strong>Wir entwickeln die richtige Strategie!<\/strong><\/p>\n\n\n\n<p class=\"has-text-align-center\"> Mit unserem Softwareprodukt <strong>ALMO<sup>\u00ae<\/sup><\/strong> haben wir dazu das richtige Werkzeug f\u00fcr Sie.<\/p>\n<\/div><\/div>\n\n\n\n<div style=\"height:48px\" aria-hidden=\"true\" class=\"wp-block-spacer\"><\/div>\n\n\n\n<h2 class=\"wp-block-heading\" style=\"font-size:26px\">intelligentes Verkehrsmanagement<\/h2>\n\n\n\n<div class=\"wp-block-media-text is-stacked-on-mobile is-vertically-aligned-top\" style=\"grid-template-columns:40% auto\"><figure class=\"wp-block-media-text__media\"><img loading=\"lazy\" decoding=\"async\" width=\"1024\" height=\"1024\" src=\"https:\/\/momatec.de\/wp-content\/uploads\/2021\/09\/1987-4336_HorsterDreieck-AKHamburg-Hafen-1024x1024.png\" alt=\"\" class=\"wp-image-696 size-full\" srcset=\"https:\/\/momatec.de\/wp-content\/uploads\/2021\/09\/1987-4336_HorsterDreieck-AKHamburg-Hafen-1024x1024.png 1024w, https:\/\/momatec.de\/wp-content\/uploads\/2021\/09\/1987-4336_HorsterDreieck-AKHamburg-Hafen-300x300.png 300w, https:\/\/momatec.de\/wp-content\/uploads\/2021\/09\/1987-4336_HorsterDreieck-AKHamburg-Hafen-150x150.png 150w, https:\/\/momatec.de\/wp-content\/uploads\/2021\/09\/1987-4336_HorsterDreieck-AKHamburg-Hafen-768x768.png 768w, https:\/\/momatec.de\/wp-content\/uploads\/2021\/09\/1987-4336_HorsterDreieck-AKHamburg-Hafen.png 1066w\" sizes=\"auto, (max-width: 1024px) 100vw, 1024px\" \/><\/figure><div class=\"wp-block-media-text__content\">\n<p>Die <strong>momatec <\/strong>GmbH sorgt daf\u00fcr, dass Verkehrsdaten vollst\u00e4ndig, aktuell und plausibel gehalten werden und damit die Grundlage f\u00fcr die Planung und den wirtschaftlichen Betrieb von Verkehrs&shy;leit&shy;technik-Systemen bilden. Unsere Dienstleistungen im Bereich Datenanalyse umfassen:<\/p>\n\n\n\n<ul class=\"wp-block-list\">\n<li>Bereitstellung von Ganglinien f\u00fcr das Verkehrsmanagement und Prognosen<\/li>\n\n\n\n<li>Definition, Optimierung und Versorgung von Strategien\n<ul class=\"wp-block-list\">\n<li>&nbsp;f\u00fcr die Netzsteuerung<\/li>\n\n\n\n<li>&nbsp;f\u00fcr das regionale Verkehrsmanagement<\/li>\n\n\n\n<li>&nbsp;f\u00fcr internationale Korridore<\/li>\n<\/ul>\n<\/li>\n\n\n\n<li>&nbsp;Aufbau von Datenarchiven<\/li>\n\n\n\n<li>Erstellung intelligenter und qualitativ hochwertiger L\u00f6sungen f\u00fcr die verkehrliche Abwicklung von Veranstaltungen und Baustellen im Netz<\/li>\n\n\n\n<li>Hosting von Software und Serverkomponenten f\u00fcr das\n<ul class=\"wp-block-list\">\n<li>Strategienmanagement<\/li>\n\n\n\n<li>Baustellen- und Ereignismanagement<\/li>\n\n\n\n<li>Veranstaltungsmanagement<\/li>\n<\/ul>\n<\/li>\n\n\n\n<li>Monitoring und Benchmarking der Qualit\u00e4t von live-Verkehrsdaten<\/li>\n\n\n\n<li>Bereitstellung von bereinigten Daten f\u00fcr die Verkehrsstatistik<\/li>\n<\/ul>\n\n\n\n<p><\/p>\n<\/div><\/div>\n\n\n\n<div style=\"height:48px\" aria-hidden=\"true\" class=\"wp-block-spacer\"><\/div>\n\n\n\n<div class=\"inherit-container-width wp-block-group alignfull has-background is-layout-constrained wp-block-group-is-layout-constrained\" style=\"background-color:#f2f2f2\"><div class=\"wp-block-group__inner-container\">\n<div style=\"height:48px\" aria-hidden=\"true\" class=\"wp-block-spacer\"><\/div>\n\n\n\n<h3 class=\"wp-block-heading\" style=\"font-size:26px\">Informationsdienste<\/h3>\n\n\n\n<div class=\"wp-block-media-text has-media-on-the-right is-stacked-on-mobile is-vertically-aligned-top\"><div class=\"wp-block-media-text__content\">\n<p>Die <strong>momatec<\/strong> GmbH unterst\u00fctzt Sie beim Zusammenf\u00fchren verteilter Informationen und deren Einbindung in weiterf\u00fchrende Dienste.  Unsere Dienstleistungen im Bereich Informationsdienste umfassen:  <\/p>\n\n\n\n<ul class=\"wp-block-list\">\n<li>Bereitstellung intermodaler, durchgehender und konsistenter Verkehrsinformationen<\/li>\n\n\n\n<li>Aufbereitung und Darstellung der aktuellen Verkehrslage<\/li>\n\n\n\n<li>Erzeugung integrierter Services f\u00fcr Stauinformations- und Routingdienste<\/li>\n\n\n\n<li>Bereitstellung von Mehrwertdiensten<\/li>\n\n\n\n<li>Integration standardisierter Verkehrsinformationen<\/li>\n\n\n\n<li>Verbreitung von Verkehrswarndienstmeldungen<\/li>\n\n\n\n<li>Analyse<strong> <\/strong>technischer und organisatorischer Rahmenbedingungen f\u00fcr die Bereitstellung und Einbindung von Daten und Informationen<\/li>\n<\/ul>\n<\/div><figure class=\"wp-block-media-text__media\"><img loading=\"lazy\" decoding=\"async\" width=\"940\" height=\"653\" src=\"https:\/\/momatec.de\/wp-content\/uploads\/2021\/09\/p_undr_karte.png\" alt=\"\" class=\"wp-image-692 size-full\" srcset=\"https:\/\/momatec.de\/wp-content\/uploads\/2021\/09\/p_undr_karte.png 940w, https:\/\/momatec.de\/wp-content\/uploads\/2021\/09\/p_undr_karte-300x208.png 300w, https:\/\/momatec.de\/wp-content\/uploads\/2021\/09\/p_undr_karte-768x534.png 768w\" sizes=\"auto, (max-width: 940px) 100vw, 940px\" \/><\/figure><\/div>\n\n\n\n<div style=\"height:48px\" aria-hidden=\"true\" class=\"wp-block-spacer\"><\/div>\n\n\n\n<div class=\"wp-block-columns is-layout-flex wp-container-core-columns-is-layout-28f84493 wp-block-columns-is-layout-flex\">\n<div class=\"wp-block-column is-layout-flow wp-block-column-is-layout-flow\" style=\"flex-basis:50%\">\n<figure class=\"wp-block-image size-full is-style-default\"><img loading=\"lazy\" decoding=\"async\" width=\"591\" height=\"591\" src=\"https:\/\/momatec.de\/wp-content\/uploads\/2021\/10\/bis.png\" alt=\"\" class=\"wp-image-816\" srcset=\"https:\/\/momatec.de\/wp-content\/uploads\/2021\/10\/bis.png 591w, https:\/\/momatec.de\/wp-content\/uploads\/2021\/10\/bis-300x300.png 300w, https:\/\/momatec.de\/wp-content\/uploads\/2021\/10\/bis-150x150.png 150w\" sizes=\"auto, (max-width: 591px) 100vw, 591px\" \/><\/figure>\n<\/div>\n\n\n\n<div class=\"wp-block-column is-layout-flow wp-block-column-is-layout-flow\" style=\"flex-basis:50%\">\n<ul class=\"wp-block-list\">\n<li>Planung und Spezifikation der Inhalte und des Layouts individueller Portal-L\u00f6sungen f\u00fcr Verkehrsinformationen<\/li>\n\n\n\n<li>Spezifikation und Implementierung der Schnittstellen zu verkehrstechnischen Subsystemen<\/li>\n\n\n\n<li>Einbindung von Verkehrsprognosediensten<\/li>\n\n\n\n<li>Optimierung der Dienste f\u00fcr die Nutzung \u00fcber mobile Endger\u00e4te<\/li>\n\n\n\n<li>Hosting der Software und Serverkomponenten f\u00fcr Verkehrsinformationsportale <\/li>\n\n\n\n<li>Betrieb von Verkehrsinformationsportalen (siehe z. B. <a href=\"https:\/\/verkehr.nrw\">verkehr.nrw<\/a>)<\/li>\n\n\n\n<li>Betrieb von Applikationen als Hosted Services<\/li>\n<\/ul>\n<\/div>\n<\/div>\n\n\n\n<div style=\"height:48px\" aria-hidden=\"true\" class=\"wp-block-spacer\"><\/div>\n<\/div><\/div>\n\n\n\n<div class=\"inherit-container-width wp-block-group alignfull is-layout-constrained wp-block-group-is-layout-constrained\"><div class=\"wp-block-group__inner-container\">\n<div class=\"wp-block-media-text alignwide is-stacked-on-mobile\" style=\"grid-template-columns:40% auto\"><figure class=\"wp-block-media-text__media\"><img loading=\"lazy\" decoding=\"async\" width=\"90\" height=\"125\" src=\"https:\/\/momatec.de\/wp-content\/uploads\/2021\/09\/zahnrad_f__e.svg\" alt=\"\" class=\"wp-image-583 size-full\"\/><\/figure><div class=\"wp-block-media-text__content\">\n<p class=\"has-text-color has-huge-font-size\" style=\"color:#19377a\">Forschung und Entwicklung<\/p>\n\n\n\n<p>Die  <strong>momatec <\/strong>GmbH bearbeitet Forschungsprojekte,  in denen wir vielf\u00e4ltige datengetriebene Prozesse entwickeln und erproben die Erschlie\u00dfung neuer Daten und Dienste.<\/p>\n\n\n\n<p>Die <strong>momatec <\/strong>GmbH ist Gesch\u00e4ftsstelle des Vereins \u201eKompetenzplattform Kommunales Infrastrukturmanagement Stra\u00dfe e.V.\u201c (vgl. <a href=\"http:\/\/www.kim-strasse.de\">www.kim-strasse.de<\/a>) und in diesem Rahmen auch aktiv im Querschnittsausschuss \u201eInformationstechnik\u201c der <a href=\"https:\/\/www.fgsv.de\/start\/\">Forschungsgesellschaft f\u00fcr Stra\u00dfenwesen (FGSV)<\/a> und leitet den Querschnittskreis&nbsp;&nbsp; \u201e\u00dcbertragung von \u00fcbergeordneten IT-Standards aus dem Stra\u00dfenwesen f\u00fcr die Bed\u00fcrfnisse von Kommunen\u201c.<\/p>\n<\/div><\/div>\n<\/div><\/div>\n\n\n\n<div class=\"inherit-container-width wp-block-group alignfull has-background is-layout-constrained wp-block-group-is-layout-constrained\" style=\"background-color:#f2f2f2\"><div class=\"wp-block-group__inner-container\">\n<div class=\"wp-block-media-text alignwide has-media-on-the-right is-stacked-on-mobile\"><div class=\"wp-block-media-text__content\">\n<blockquote class=\"wp-block-quote is-layout-flow wp-block-quote-is-layout-flow\">\n<p><em>Probleme kann man niemals mit derselben Denkweise l\u00f6sen, durch die sie entstanden sind.&nbsp;&nbsp;<\/em><\/p>\n<cite>Albert Einstein<\/cite><\/blockquote>\n<\/div><figure class=\"wp-block-media-text__media\"><img loading=\"lazy\" decoding=\"async\" width=\"765\" height=\"575\" src=\"https:\/\/momatec.de\/wp-content\/uploads\/2021\/04\/Folie1.jpg\" alt=\"\" class=\"wp-image-53 size-full\" srcset=\"https:\/\/momatec.de\/wp-content\/uploads\/2021\/04\/Folie1.jpg 765w, https:\/\/momatec.de\/wp-content\/uploads\/2021\/04\/Folie1-300x225.jpg 300w\" sizes=\"auto, (max-width: 765px) 100vw, 765px\" \/><\/figure><\/div>\n<\/div><\/div>\n\n\n\n<div style=\"height:48px\" aria-hidden=\"true\" class=\"wp-block-spacer\"><\/div>\n\n\n\n<h3 class=\"wp-block-heading\">Bauen unter Betrieb \u2013 Verkehr unter Kontrolle<\/h3>\n\n\n\n<div class=\"wp-block-media-text is-stacked-on-mobile is-vertically-aligned-top\" style=\"grid-template-columns:42% auto\"><figure class=\"wp-block-media-text__media\"><img loading=\"lazy\" decoding=\"async\" width=\"512\" height=\"493\" src=\"https:\/\/momatec.de\/wp-content\/uploads\/2021\/04\/vm-1.jpg\" alt=\"\" class=\"wp-image-336 size-full\" srcset=\"https:\/\/momatec.de\/wp-content\/uploads\/2021\/04\/vm-1.jpg 512w, https:\/\/momatec.de\/wp-content\/uploads\/2021\/04\/vm-1-300x289.jpg 300w\" sizes=\"auto, (max-width: 512px) 100vw, 512px\" \/><\/figure><div class=\"wp-block-media-text__content\">\n<p>Bei der Abwicklung komplexer Gro\u00dfbaustellen auf wichtigen Hauptverkehrsadern hat die <strong>momatec <\/strong>GmbH einzigartige Erfahrungen aufgebaut. Wir unterst\u00fctzen Sie dabei, einen Interessensausgleich zwischen der Optimierung des Baubetriebs sowie der Aufrechterhaltung eines fl\u00fcssigen und sicheren Verkehrs zu finden. Die <strong>momatec <\/strong>GmbH stellt dabei sicher, dass der \u201eknappe\u201c Verkehrsraum in der jeweiligen Verkehrssituation angemessen und intelligent genutzt wird.<\/p>\n\n\n\n<p>Gerne unterst\u00fctzten wir Sie bei der Planung und dem Betrieb von tempor\u00e4ren Telematik-Erg\u00e4nzungsma\u00dfnahmen im Zulauf der Baustelle, in kritischen Bereichen in der Baustelle sowie beim \u00dcberleiten und Ein- und Ausf\u00e4deln.&nbsp; Auch unterst\u00fctzen wird Sie bei der Integration von Daten und Anzeigeinhalten in die Verkehrszentrale.<\/p>\n\n\n\n<p>Ferner \u00fcberwacht die <strong>momatec <\/strong>GmbH die Datenqualit\u00e4t und stellt sicher, dass der m\u00f6gliche Nutzen der Ma\u00dfnahme realisiert wird. momatec dokumentiert s\u00e4mtliche Vorg\u00e4nge und Daten w\u00e4hrend des Betriebs und weist den erzielten Nutzen nach.<\/p>\n<\/div><\/div>\n\n\n\n<p><\/p>\n","protected":false},"excerpt":{"rendered":"<p>Durch intelligente Verfahren und innovative Dienstleistungen tr\u00e4gt die momatec GmbH ma\u00dfgeblich zur Sicherung der Mobilit\u00e4t, zur Verbesserung der Verkehrssicherheit und zum Schutz der Umwelt bei. Unsere Dienstleistungen beziehen sich auf alle Stufen des Gesch\u00e4ftsprozesses von der Forschung \u00fcber die Konzeptionierung und Erstellung bis zum Betrieb von Managementl\u00f6sungen. Verkehrsmanagement Das koordinierte Management von Stra\u00dfe, Verkehr und &hellip;<\/p>\n<p class=\"read-more\"> <a class=\"\" href=\"https:\/\/momatec.de\/?page_id=369\"> <span class=\"screen-reader-text\">Dienstleistungen<\/span> Weiterlesen &raquo;<\/a><\/p>\n","protected":false},"author":1,"featured_media":0,"parent":0,"menu_order":0,"comment_status":"closed","ping_status":"closed","template":"","meta":{"_uag_custom_page_level_css":"","site-sidebar-layout":"default","site-content-layout":"default","ast-global-header-display":"","ast-banner-title-visibility":"","ast-main-header-display":"","ast-hfb-above-header-display":"","ast-hfb-below-header-display":"","ast-hfb-mobile-header-display":"","site-post-title":"","ast-breadcrumbs-content":"","ast-featured-img":"","footer-sml-layout":"","theme-transparent-header-meta":"default","adv-header-id-meta":"","stick-header-meta":"","header-above-stick-meta":"","header-main-stick-meta":"","header-below-stick-meta":"","footnotes":""},"class_list":["post-369","page","type-page","status-publish","hentry"],"uagb_featured_image_src":{"full":false,"thumbnail":false,"medium":false,"medium_large":false,"large":false,"1536x1536":false,"2048x2048":false},"uagb_author_info":{"display_name":"momatec","author_link":"https:\/\/momatec.de\/?author=1"},"uagb_comment_info":0,"uagb_excerpt":"Durch intelligente Verfahren und innovative Dienstleistungen tr\u00e4gt die momatec GmbH ma\u00dfgeblich zur Sicherung der Mobilit\u00e4t, zur Verbesserung der Verkehrssicherheit und zum Schutz der Umwelt bei. Unsere Dienstleistungen beziehen sich auf alle Stufen des Gesch\u00e4ftsprozesses von der Forschung \u00fcber die Konzeptionierung und Erstellung bis zum Betrieb von Managementl\u00f6sungen. Verkehrsmanagement Das koordinierte Management von Stra\u00dfe, Verkehr und&hellip;","_links":{"self":[{"href":"https:\/\/momatec.de\/index.php?rest_route=\/wp\/v2\/pages\/369","targetHints":{"allow":["GET"]}}],"collection":[{"href":"https:\/\/momatec.de\/index.php?rest_route=\/wp\/v2\/pages"}],"about":[{"href":"https:\/\/momatec.de\/index.php?rest_route=\/wp\/v2\/types\/page"}],"author":[{"embeddable":true,"href":"https:\/\/momatec.de\/index.php?rest_route=\/wp\/v2\/users\/1"}],"replies":[{"embeddable":true,"href":"https:\/\/momatec.de\/index.php?rest_route=%2Fwp%2Fv2%2Fcomments&post=369"}],"version-history":[{"count":91,"href":"https:\/\/momatec.de\/index.php?rest_route=\/wp\/v2\/pages\/369\/revisions"}],"predecessor-version":[{"id":933,"href":"https:\/\/momatec.de\/index.php?rest_route=\/wp\/v2\/pages\/369\/revisions\/933"}],"wp:attachment":[{"href":"https:\/\/momatec.de\/index.php?rest_route=%2Fwp%2Fv2%2Fmedia&parent=369"}],"curies":[{"name":"wp","href":"https:\/\/api.w.org\/{rel}","templated":true}]}}